{"id":2354,"date":"2021-06-03T07:50:49","date_gmt":"2021-06-03T07:50:49","guid":{"rendered":"https:\/\/magenta-wren-753181.hostingersite.com\/categorias-de-blogs\/"},"modified":"2022-06-14T09:17:45","modified_gmt":"2022-06-14T09:17:45","slug":"categorias-de-blogs","status":"publish","type":"page","link":"https:\/\/karelnoppe.com\/es\/categorias-de-blogs\/","title":{"rendered":"Categor\u00edas del Blog &#8211; Fotograf\u00eda y Viajes"},"content":{"rendered":"<p>El blog del fot\u00f3grafo profesional Karel Noppe sobre estilo de vida, <a title=\"10 consejos para visitar la Costa Brava \u00fanica en Espa\u00f1a\" href=\"https:\/\/magenta-wren-753181.hostingersite.com\/es\/10-consejos-para-visitar-la-costa-brava-unica-en-espana\/\" target=\"_blank\" rel=\"noopener\"><span style=\"color: #808000;\">viajes<\/span><\/a> y <span style=\"color: #808000;\"><a style=\"color: #808000;\" title=\"Galer\u00eda de im\u00e1genes\" href=\"https:\/\/magenta-wren-753181.hostingersite.com\/es\/galeria-de-imagenes\/\" target=\"_blank\" rel=\"noopener\">fotograf\u00eda.<\/a><\/span> Compartiendo consejos y sugerencias de expertos sobre fotograf\u00eda y viajes. M\u00e1s de 25 a\u00f1os de experiencia.<\/p>\n\n<!-- START ADVERTISER: from tradedoubler.com -->\n<script type=\"text\/javascript\">\nvar uri = 'https:\/\/impfr.tradedoubler.com\/imp?type(iframe)g(24667270)a(3256911)' + new String (Math.random()).substring (2, 11);\ndocumento.escribir('<iframe loading=\"lazy\" src=\"'+uri +'\" width=\"500\" height=\"270\" frameborder=\"0\" border=\"0\" marginwidth=\"0\" marginheight=\"0\" scrolling=\"no\"> ');\n<\/script>\n<!-- END ADVERTISER: from tradedoubler.com -->\n\n<p><\/p>\n","protected":false},"excerpt":{"rendered":"<p>El blog del fot\u00f3grafo profesional Karel Noppe sobre estilo de vida, viajes y fotograf\u00eda. Compartiendo consejos y sugerencias de expertos sobre fotograf\u00eda y viajes. M\u00e1s de 25 a\u00f1os de experiencia.<\/p>\n","protected":false},"author":1,"featured_media":0,"parent":0,"menu_order":0,"comment_status":"closed","ping_status":"closed","template":"","meta":{"nf_dc_page":"","_monsterinsights_skip_tracking":false,"_monsterinsights_sitenote_active":false,"_monsterinsights_sitenote_note":"","_monsterinsights_sitenote_category":0,"footnotes":""},"class_list":["post-2354","page","type-page","status-publish","hentry"],"aioseo_notices":[],"_links":{"self":[{"href":"https:\/\/karelnoppe.com\/es\/wp-json\/wp\/v2\/pages\/2354","targetHints":{"allow":["GET"]}}],"collection":[{"href":"https:\/\/karelnoppe.com\/es\/wp-json\/wp\/v2\/pages"}],"about":[{"href":"https:\/\/karelnoppe.com\/es\/wp-json\/wp\/v2\/types\/page"}],"author":[{"embeddable":true,"href":"https:\/\/karelnoppe.com\/es\/wp-json\/wp\/v2\/users\/1"}],"replies":[{"embeddable":true,"href":"https:\/\/karelnoppe.com\/es\/wp-json\/wp\/v2\/comments?post=2354"}],"version-history":[{"count":5,"href":"https:\/\/karelnoppe.com\/es\/wp-json\/wp\/v2\/pages\/2354\/revisions"}],"predecessor-version":[{"id":3464,"href":"https:\/\/karelnoppe.com\/es\/wp-json\/wp\/v2\/pages\/2354\/revisions\/3464"}],"wp:attachment":[{"href":"https:\/\/karelnoppe.com\/es\/wp-json\/wp\/v2\/media?parent=2354"}],"curies":[{"name":"wp","href":"https:\/\/api.w.org\/{rel}","templated":true}]}}