{"id":2358,"date":"2015-09-13T10:55:36","date_gmt":"2015-09-13T10:55:36","guid":{"rendered":"https:\/\/magenta-wren-753181.hostingersite.com\/sobre-mi\/"},"modified":"2022-03-22T13:16:01","modified_gmt":"2022-03-22T13:16:01","slug":"sobre-mi","status":"publish","type":"page","link":"https:\/\/karelnoppe.com\/es\/sobre-mi\/","title":{"rendered":"Sobre m\u00ed"},"content":{"rendered":"\n<div class=\"wp-block-image\"><figure class=\"aligncenter size-large\"><img loading=\"lazy\" decoding=\"async\" width=\"1024\" height=\"1024\" src=\"https:\/\/karelnoppe.com\/wp-content\/uploads\/2022\/02\/karelnoppe-portrait-web_Calafate-1-1024x1024.jpg\" alt=\"\" class=\"wp-image-2347\" srcset=\"https:\/\/karelnoppe.com\/wp-content\/uploads\/2022\/02\/karelnoppe-portrait-web_Calafate-1-1024x1024.jpg 1024w, https:\/\/karelnoppe.com\/wp-content\/uploads\/2022\/02\/karelnoppe-portrait-web_Calafate-1-300x300.jpg 300w, https:\/\/karelnoppe.com\/wp-content\/uploads\/2022\/02\/karelnoppe-portrait-web_Calafate-1-150x150.jpg 150w, https:\/\/karelnoppe.com\/wp-content\/uploads\/2022\/02\/karelnoppe-portrait-web_Calafate-1-768x768.jpg 768w, https:\/\/karelnoppe.com\/wp-content\/uploads\/2022\/02\/karelnoppe-portrait-web_Calafate-1-665x665.jpg 665w, https:\/\/karelnoppe.com\/wp-content\/uploads\/2022\/02\/karelnoppe-portrait-web_Calafate-1-260x260.jpg 260w, https:\/\/karelnoppe.com\/wp-content\/uploads\/2022\/02\/karelnoppe-portrait-web_Calafate-1-200x200.jpg 200w, https:\/\/karelnoppe.com\/wp-content\/uploads\/2022\/02\/karelnoppe-portrait-web_Calafate-1-100x100.jpg 100w, https:\/\/karelnoppe.com\/wp-content\/uploads\/2022\/02\/karelnoppe-portrait-web_Calafate-1.jpg 1264w\" sizes=\"auto, (max-width: 1024px) 100vw, 1024px\" \/><\/figure><\/div>\n\n\n<h1 class=\"p1\"><span class=\"s1\">\u00a1Trabajo mientras viajo y viajo mientras trabajo!<\/span><\/h1>\n<p class=\"p1\"><span class=\"s1\">Hola y bienvenido a mi blog. Supongo que soy fot\u00f3grafo, viajero y amante gastron\u00f3mico, todo en uno.&nbsp; Soy sudafricano viviendo en Espa\u00f1a desde hace m\u00e1s de 25 a\u00f1os.<\/span><\/p>\n\n\n<hr class=\"wp-block-separator\"\/>\n\n\n<p class=\"p1\"><span class=\"s1\">He sido fot\u00f3grafo profesional durante muchos a\u00f1os fotografiando principalmente estilo de vida y publicidad.<\/span><\/p>\n<p class=\"p1\"><span class=\"s1\">\u00daltimamente, mi necesidad de m\u00e1s libertad y flexibilidad me ha hecho centrar en la <a href=\"https:\/\/stock.adobe.com\/contributor\/202913115\/karelnoppe\">fotograf\u00eda de archivo<\/a> . Despu\u00e9s de unos a\u00f1os y vendiendo mas de 450.000 fotos de archivo, sent\u00ed la necesidad de compartir algunas experiencias en este blog. <\/span><\/p>\n<p class=\"p1\"><span class=\"s1\">M\u00e1s recientemente, me sumerg\u00ed en el mundo de 3D CG (Gr\u00e1ficos generados por ordenador). El software 3D es \u00fatil para crear cualquier escena que sea demasiado dif\u00edcil o imposible de conseguir con mi c\u00e1mara.<\/span><\/p>\n<p class=\"p1\"><span class=\"s1\">Mi compa\u00f1era de viaje m\u00e1s valiosa resulta ser mi bella esposa, Eva. Nos conocimos en nuestro viaje europeo InterRail hace varios a\u00f1os. <\/span><\/p>\n<p class=\"p1\"><span class=\"s1\">No tenemos hijos y nos encanta viajar y explorar nuevas sensaciones y culturas. <\/span><\/p>\n<p class=\"p1\"><span class=\"s1\">Podr\u00eda ser un viaje de un solo d\u00eda a unas vacaciones de aventura de 3 semanas, siempre y cuando salgamos a la carretera y estemos felices. <\/span><\/p>\n<p class=\"p1\"><span class=\"s1\">Nuestra &#8220;pasi\u00f3n por los viajes&#8221; trae alegr\u00eda y emoci\u00f3n a cada viaje.<\/span><\/p>\n<p class=\"p1\"><span class=\"s1\">Un blog personal de estilo de vida, fotograf\u00eda y viajes.<\/span><\/p>\n<blockquote>\n<h2 class=\"p1\"><span class=\"s1\"><br \/>Viajar te hace revalorizar qui\u00e9n eres. <\/span><\/h2>\n<\/blockquote>\n<p><strong><span data-preserver-spaces=\"true\">Al suscribirse a mi bolet\u00edn, puede descargar mi diario de viaje imprimible gratuito y mantenerse en contacto para recibir actualizaciones mensuales sobre nuestras aventuras de viaje y consejos de fotograf\u00eda.<\/span><\/strong><\/p>\n\n\n\n\n<p>Algunas de mis publicaciones de Stock Photo:<\/p>\n\n\n\n<figure class=\"wp-block-image size-large\"><a href=\"https:\/\/www.shutterstock.com\/fr\/g\/karelnoppephoto?searchterm=massage&amp;search_source=base_gallery&amp;page=2&amp;section=1\"><img loading=\"lazy\" decoding=\"async\" width=\"1024\" height=\"768\" src=\"https:\/\/karelnoppe.com\/wp-content\/uploads\/2021\/06\/Logos-stock-publications-1024x768.jpg\" alt=\"\" class=\"wp-image-1836\" srcset=\"https:\/\/karelnoppe.com\/wp-content\/uploads\/2021\/06\/Logos-stock-publications-1024x768.jpg 1024w, https:\/\/karelnoppe.com\/wp-content\/uploads\/2021\/06\/Logos-stock-publications-300x225.jpg 300w, https:\/\/karelnoppe.com\/wp-content\/uploads\/2021\/06\/Logos-stock-publications-768x576.jpg 768w, https:\/\/karelnoppe.com\/wp-content\/uploads\/2021\/06\/Logos-stock-publications-665x499.jpg 665w, https:\/\/karelnoppe.com\/wp-content\/uploads\/2021\/06\/Logos-stock-publications-347x260.jpg 347w, https:\/\/karelnoppe.com\/wp-content\/uploads\/2021\/06\/Logos-stock-publications.jpg 1181w\" sizes=\"auto, (max-width: 1024px) 100vw, 1024px\" \/><\/a><\/figure>\n\n\n<p>\u00danete a mi aventura leyendo algunos de mis posts sobre fotograf\u00eda y viajes.<\/p>\n<p><a title=\"\" href=\"https:\/\/magenta-wren-753181.hostingersite.com\/es\/how-to-shoot-a-1000-best-seller-photo\/\">C\u00f3mo fotografiar un best seller de 1000 d\u00f3lares.<\/a><\/p>\n<p><a title=\"El mejor safari de dos semanas en Sud\u00e1frica\" href=\"https:\/\/magenta-wren-753181.hostingersite.com\/es\/el-ultimo-safari-de-dos-semanas-en-sudafrica\/\">El mejor safari de dos semanas en Sud\u00e1frica<\/a><\/p>\n<p><a title=\"\" href=\"https:\/\/magenta-wren-753181.hostingersite.com\/es\/amazing-secrets-of-spains-top-wine-region\/\">&#8220;Secretos asombrosos de la mejor regi\u00f3n vin\u00edcola de Espa\u00f1a&#8221;<\/a><\/p>\n<p class=\"p1\"><a title=\"\" href=\"https:\/\/magenta-wren-753181.hostingersite.com\/es\/the-best-route-to-visit-magical-rajasthan\/\">&#8220;La mejor ruta para visitar M\u00e1gico Rajasthan&#8221;<\/a><\/p>\n<p><a title=\"\" href=\"https:\/\/magenta-wren-753181.hostingersite.com\/es\/5-tips-to-shoot-stunning-food-photos\/\">&#8220;5 consejos para tomar impresionantes fotos de comida&#8221;<\/a><\/p>\n<p>\u00a0<\/p>","protected":false},"excerpt":{"rendered":"<p>\u00a1Trabajo mientras viajo y viajo mientras trabajo! Hola y bienvenido a mi blog. Supongo que soy fot\u00f3grafo, viajero y amante gastron\u00f3mico, todo en uno.&nbsp; Soy sudafricano viviendo en Espa\u00f1a desde hace m\u00e1s de 25 a\u00f1os. He sido fot\u00f3grafo profesional durante muchos a\u00f1os fotografiando principalmente estilo de vida y publicidad. \u00daltimamente, mi necesidad de m\u00e1s libertad y flexibilidad me ha hecho centrar en la fotograf\u00eda de archivo . Despu\u00e9s de unos a\u00f1os y vendiendo mas [&hellip;]<\/p>\n","protected":false},"author":1,"featured_media":0,"parent":0,"menu_order":0,"comment_status":"closed","ping_status":"closed","template":"template-fullwidth.php","meta":{"nf_dc_page":"","_monsterinsights_skip_tracking":false,"_monsterinsights_sitenote_active":false,"_monsterinsights_sitenote_note":"","_monsterinsights_sitenote_category":0,"footnotes":""},"class_list":["post-2358","page","type-page","status-publish","hentry"],"aioseo_notices":[],"_links":{"self":[{"href":"https:\/\/karelnoppe.com\/es\/wp-json\/wp\/v2\/pages\/2358","targetHints":{"allow":["GET"]}}],"collection":[{"href":"https:\/\/karelnoppe.com\/es\/wp-json\/wp\/v2\/pages"}],"about":[{"href":"https:\/\/karelnoppe.com\/es\/wp-json\/wp\/v2\/types\/page"}],"author":[{"embeddable":true,"href":"https:\/\/karelnoppe.com\/es\/wp-json\/wp\/v2\/users\/1"}],"replies":[{"embeddable":true,"href":"https:\/\/karelnoppe.com\/es\/wp-json\/wp\/v2\/comments?post=2358"}],"version-history":[{"count":5,"href":"https:\/\/karelnoppe.com\/es\/wp-json\/wp\/v2\/pages\/2358\/revisions"}],"predecessor-version":[{"id":3070,"href":"https:\/\/karelnoppe.com\/es\/wp-json\/wp\/v2\/pages\/2358\/revisions\/3070"}],"wp:attachment":[{"href":"https:\/\/karelnoppe.com\/es\/wp-json\/wp\/v2\/media?parent=2358"}],"curies":[{"name":"wp","href":"https:\/\/api.w.org\/{rel}","templated":true}]}}