{"id":2359,"date":"2021-06-03T15:17:18","date_gmt":"2021-06-03T15:17:18","guid":{"rendered":"https:\/\/magenta-wren-753181.hostingersite.com\/galeria-de-imagenes\/"},"modified":"2022-04-04T16:09:29","modified_gmt":"2022-04-04T16:09:29","slug":"galeria-de-imagenes","status":"publish","type":"page","link":"https:\/\/karelnoppe.com\/es\/galeria-de-imagenes\/","title":{"rendered":"Galer\u00eda de im\u00e1genes"},"content":{"rendered":"<blockquote>\n<h2>Miles de fotograf\u00edas e ilustraciones contempor\u00e1neas creadas profesionalmente para uso comercial.<\/h2>\n<\/blockquote>\n<p>Encu\u00e9ntralos en&nbsp; <a href=\"https:\/\/www.shutterstock.com\/fr\/g\/karelnoppephoto?searchterm=massage&amp;search_source=base_gallery&amp;page=2&amp;section=1\" target=\"_blank\" rel=\"noopener\">Shutterstock,<\/a>&nbsp;<a href=\"https:\/\/stock.adobe.com\/contributor\/202913115\/karelnoppe\" target=\"_blank\" rel=\"noopener\">Adobe stock<\/a>&nbsp;<a href=\"https:\/\/www.dreamstime.com\/karelnoppe-latest-stock-photos\" target=\"_blank\" rel=\"noopener\">Dreamstime,<\/a>&nbsp;<a href=\"https:\/\/www.123rf.com\/portfolio\/karelnoppe\/2.html\" target=\"_blank\" rel=\"noopener\">123 RF,<\/a>&nbsp;<a href=\"https:\/\/www.istockphoto.com\/es\/portfolio\/karelnoppe\" target=\"_blank\" rel=\"noopener\">Istock,<\/a>&nbsp;<a href=\"https:\/\/depositphotos.com\/portfolio-1468291.html?content=photo\" target=\"_blank\" rel=\"noopener\">Depositphoto,<\/a>&nbsp;<a href=\"https:\/\/www.canstockphoto.com\/karelnoppe\/\" target=\"_blank\" rel=\"noopener\">Canstock<\/a>&nbsp; y&nbsp;<a href=\"https:\/\/www.bigstockphoto.com\/es\/search\/?contributor=karelnoppe\" target=\"_blank\" rel=\"noopener\">Bigstock photo.<\/a><\/p>\n\n<!-- START ADVERTISER: from tradedoubler.com -->\n<p><a href=\"_wp_link_placeholder\" data-wplink-edit=\"true\"><script type=\"text\/javascript\">\nvar uri = 'https:\/\/impfr.tradedoubler.com\/imp?type(iframe)g(22894468)a(3256911)' + new String (Math.random()).substring (2, 11);\ndocumento.escribir('<iframe loading=\"lazy\" src=\"'+uri +'\" width=\"300\" height=\"250\" frameborder=\"0\" border=\"0\" marginwidth=\"0\" marginheight=\"0\" scrolling=\"no\"> ');\n<\/script><\/a><\/p>\n<!-- END ADVERTISER: from tradedoubler.com -->\n\n<div class=\"wp-block-columns is-layout-flex wp-container-core-columns-is-layout-28f84493 wp-block-columns-is-layout-flex\">\n<div class=\"wp-block-column is-layout-flow wp-block-column-is-layout-flow\" style=\"flex-basis:100%\">\n<div class=\"wp-block-group\"><div class=\"wp-block-group__inner-container is-layout-flow wp-block-group-is-layout-flow\">\n<div class=\"wp-block-group\"><div class=\"wp-block-group__inner-container is-layout-flow wp-block-group-is-layout-flow\">\n<div class=\"wp-block-jetpack-tiled-gallery aligncenter is-style-rectangular has-rounded-corners-8\"><div class=\"tiled-gallery__gallery\"><div class=\"tiled-gallery__row\"><div class=\"tiled-gallery__col\" style=\"flex-basis:62.81747%\"><figure class=\"tiled-gallery__item\"><img decoding=\"async\" alt=\"\" data-height=\"800\" data-id=\"804\" data-link=\"https:\/\/magenta-wren-753181.hostingersite.com\/karel-noppe-image-gallery\/karel-noppe-15\/\" data-url=\"https:\/\/karelnoppe.com\/wp-content\/uploads\/2021\/06\/Beauty-portrait-of-sensual-african-woman-1024x683.jpg\" data-width=\"1200\" src=\"https:\/\/i2.wp.com\/karelnoppe.es\/wp-content\/uploads\/2021\/06\/Beauty-portrait-of-sensual-african-woman-1024x683.jpg?ssl=1\" data-amp-layout=\"responsive\"><\/figure><\/div><div class=\"tiled-gallery__col\" style=\"flex-basis:37.18253%\"><figure class=\"tiled-gallery__item\"><img decoding=\"async\" alt=\"\" data-height=\"667\" data-id=\"779\" data-link=\"https:\/\/magenta-wren-753181.hostingersite.com\/karel-noppe-11\/\" data-url=\"https:\/\/karelnoppe.com\/wp-content\/uploads\/2021\/06\/3D-render-of-skyscrapers-and-building-cranes-2-1024x569.jpg\" data-width=\"1200\" src=\"https:\/\/i1.wp.com\/karelnoppe.es\/wp-content\/uploads\/2021\/06\/3D-render-of-skyscrapers-and-building-cranes-2-1024x569.jpg?ssl=1\" data-amp-layout=\"responsive\"><\/figure><figure class=\"tiled-gallery__item\"><img decoding=\"async\" alt=\"\" data-height=\"675\" data-id=\"778\" data-link=\"https:\/\/magenta-wren-753181.hostingersite.com\/karel-noppe-10\/\" data-url=\"https:\/\/karelnoppe.com\/wp-content\/uploads\/2021\/06\/3D-render-of-luxury-wooden-deck-with-swimming-pool-3-1024x576.jpg\" data-width=\"1200\" src=\"https:\/\/i2.wp.com\/karelnoppe.es\/wp-content\/uploads\/2021\/06\/3D-render-of-luxury-wooden-deck-with-swimming-pool-3-1024x576.jpg?ssl=1\" data-amp-layout=\"responsive\"><\/figure><\/div><\/div><div class=\"tiled-gallery__row\"><div class=\"tiled-gallery__col\" style=\"flex-basis:50.00000%\"><figure class=\"tiled-gallery__item\"><img decoding=\"async\" alt=\"\" data-height=\"800\" data-id=\"791\" data-link=\"https:\/\/magenta-wren-753181.hostingersite.com\/karel-noppe-image-gallery\/salmon-morsel-2\/\" data-url=\"https:\/\/karelnoppe.com\/wp-content\/uploads\/2021\/06\/Salmon-morsel-1-1024x683.jpg\" data-width=\"1200\" src=\"https:\/\/i2.wp.com\/karelnoppe.es\/wp-content\/uploads\/2021\/06\/Salmon-morsel-1-1024x683.jpg?ssl=1\" data-amp-layout=\"responsive\"><\/figure><\/div><div class=\"tiled-gallery__col\" style=\"flex-basis:50.00000%\"><figure class=\"tiled-gallery__item\"><img decoding=\"async\" alt=\"\" data-height=\"800\" data-id=\"812\" data-link=\"https:\/\/magenta-wren-753181.hostingersite.com\/karel-noppe-image-gallery\/macro-close-up-of-human-eye\/\" data-url=\"https:\/\/karelnoppe.com\/wp-content\/uploads\/2021\/06\/Macro-close-up-of-human-eye-1024x683.jpg\" data-width=\"1200\" src=\"https:\/\/i1.wp.com\/karelnoppe.es\/wp-content\/uploads\/2021\/06\/Macro-close-up-of-human-eye-1024x683.jpg?ssl=1\" data-amp-layout=\"responsive\"><\/figure><\/div><\/div><div class=\"tiled-gallery__row\"><div class=\"tiled-gallery__col\" style=\"flex-basis:53.24967%\"><figure class=\"tiled-gallery__item\"><img decoding=\"async\" alt=\"\" data-height=\"702\" data-id=\"802\" data-link=\"https:\/\/magenta-wren-753181.hostingersite.com\/karel-noppe-image-gallery\/karel-noppe-14\/\" data-url=\"https:\/\/karelnoppe.com\/wp-content\/uploads\/2021\/06\/3D-render-of-stylish-modern-bathroom-with-stone-textures-1024x599.jpg\" data-width=\"1200\" src=\"https:\/\/i2.wp.com\/karelnoppe.es\/wp-content\/uploads\/2021\/06\/3D-render-of-stylish-modern-bathroom-with-stone-textures-1024x599.jpg?ssl=1\" data-amp-layout=\"responsive\"><\/figure><\/div><div class=\"tiled-gallery__col\" style=\"flex-basis:46.75033%\"><figure class=\"tiled-gallery__item\"><img decoding=\"async\" alt=\"\" data-height=\"800\" data-id=\"838\" data-link=\"https:\/\/magenta-wren-753181.hostingersite.com\/success-with-stock-photography\/two-diverse-african-girls-taking-self-portrait-with-phone\/\" data-url=\"https:\/\/karelnoppe.com\/wp-content\/uploads\/2016\/09\/Two-diverse-african-girls-taking-self-portrait-with-phone-1024x683.jpg\" data-width=\"1200\" src=\"https:\/\/i2.wp.com\/karelnoppe.es\/wp-content\/uploads\/2016\/09\/Two-diverse-african-girls-taking-self-portrait-with-phone-1024x683.jpg?ssl=1\" data-amp-layout=\"responsive\"><\/figure><\/div><\/div><div class=\"tiled-gallery__row\"><div class=\"tiled-gallery__col\" style=\"flex-basis:44.61756%\"><figure class=\"tiled-gallery__item\"><img decoding=\"async\" alt=\"\" data-height=\"612\" data-id=\"2977\" data-link=\"https:\/\/magenta-wren-753181.hostingersite.com\/karel-noppe-image-gallery\/karel-noppe-82\/\" data-url=\"https:\/\/karelnoppe.com\/wp-content\/uploads\/2022\/02\/3D-illustration-of-haunted-forest-at-full-moon-1024x522.jpg\" data-width=\"1200\" src=\"https:\/\/i0.wp.com\/karelnoppe.es\/wp-content\/uploads\/2022\/02\/3D-illustration-of-haunted-forest-at-full-moon-1024x522.jpg?ssl=1\" data-amp-layout=\"responsive\"><\/figure><figure class=\"tiled-gallery__item\"><img decoding=\"async\" alt=\"\" data-height=\"1216\" data-id=\"760\" data-link=\"https:\/\/magenta-wren-753181.hostingersite.com\/young-woman-enjoying-massage-in-spa\/\" data-url=\"https:\/\/karelnoppe.com\/wp-content\/uploads\/2021\/06\/Young-woman-enjoying-massage-in-spa-1024x683.jpg\" data-width=\"1824\" src=\"https:\/\/i2.wp.com\/karelnoppe.es\/wp-content\/uploads\/2021\/06\/Young-woman-enjoying-massage-in-spa-1024x683.jpg?ssl=1\" data-amp-layout=\"responsive\"><\/figure><figure class=\"tiled-gallery__item\"><img decoding=\"async\" alt=\"\" data-height=\"800\" data-id=\"2540\" data-link=\"https:\/\/magenta-wren-753181.hostingersite.com\/karel-noppe-image-gallery\/girl-having-fun-at-vision-test\/\" data-url=\"https:\/\/karelnoppe.com\/wp-content\/uploads\/2022\/02\/Girl-having-fun-at-vision-test-1024x683.jpg\" data-width=\"1200\" src=\"https:\/\/i0.wp.com\/karelnoppe.es\/wp-content\/uploads\/2022\/02\/Girl-having-fun-at-vision-test-1024x683.jpg?ssl=1\" data-amp-layout=\"responsive\"><\/figure><\/div><div class=\"tiled-gallery__col\" style=\"flex-basis:55.38244%\"><figure class=\"tiled-gallery__item\"><img decoding=\"async\" alt=\"\" data-height=\"1200\" data-id=\"2542\" data-link=\"https:\/\/magenta-wren-753181.hostingersite.com\/karel-noppe-image-gallery\/conceptual-tummy-surgical-liposculpture-contour-lines-on-female-body\/\" data-url=\"https:\/\/karelnoppe.com\/wp-content\/uploads\/2022\/02\/Conceptual-tummy-surgical-liposculpture-contour-lines-on-female-body-683x1024.jpg\" data-width=\"800\" src=\"https:\/\/i0.wp.com\/karelnoppe.es\/wp-content\/uploads\/2022\/02\/Conceptual-tummy-surgical-liposculpture-contour-lines-on-female-body-683x1024.jpg?ssl=1\" data-amp-layout=\"responsive\"><\/figure><\/div><\/div><div class=\"tiled-gallery__row\"><div class=\"tiled-gallery__col\" style=\"flex-basis:64.55803%\"><figure class=\"tiled-gallery__item\"><img decoding=\"async\" alt=\"\" data-height=\"800\" data-id=\"2981\" data-link=\"https:\/\/magenta-wren-753181.hostingersite.com\/karel-noppe-image-gallery\/children-sitting-on-beach-with-color-balloons\/\" data-url=\"https:\/\/karelnoppe.com\/wp-content\/uploads\/2022\/02\/Children-sitting-on-beach-with-color-balloons-1024x683.jpg\" data-width=\"1200\" src=\"https:\/\/i0.wp.com\/karelnoppe.es\/wp-content\/uploads\/2022\/02\/Children-sitting-on-beach-with-color-balloons-1024x683.jpg?ssl=1\" data-amp-layout=\"responsive\"><\/figure><\/div><div class=\"tiled-gallery__col\" style=\"flex-basis:35.44197%\"><figure class=\"tiled-gallery__item\"><img decoding=\"async\" alt=\"\" data-height=\"800\" data-id=\"2554\" data-link=\"https:\/\/magenta-wren-753181.hostingersite.com\/karel-noppe-image-gallery\/karel-noppe-81\/\" data-url=\"https:\/\/karelnoppe.com\/wp-content\/uploads\/2022\/02\/\u00a9karelnoppe-photography_Huge-great-white-shark-approaching-sea-kayak-1024x683.jpg\" data-width=\"1200\" src=\"https:\/\/i1.wp.com\/karelnoppe.es\/wp-content\/uploads\/2022\/02\/%C2%A9karelnoppe-photography_Huge-great-white-shark-approaching-sea-kayak-1024x683.jpg?ssl=1\" data-amp-layout=\"responsive\"><\/figure><figure class=\"tiled-gallery__item\"><img decoding=\"async\" alt=\"\" data-height=\"648\" data-id=\"2979\" data-link=\"https:\/\/magenta-wren-753181.hostingersite.com\/karel-noppe-image-gallery\/black-woman-looking-at-her-3d-rendering-robot-avatar\/\" data-url=\"https:\/\/karelnoppe.com\/wp-content\/uploads\/2022\/02\/Black-woman-looking-at-her-3D-rendering-robot-avatar-1024x553.jpg\" data-width=\"1200\" src=\"https:\/\/i2.wp.com\/karelnoppe.es\/wp-content\/uploads\/2022\/02\/Black-woman-looking-at-her-3D-rendering-robot-avatar-1024x553.jpg?ssl=1\" data-amp-layout=\"responsive\"><\/figure><\/div><\/div><div class=\"tiled-gallery__row\"><div class=\"tiled-gallery__col\" style=\"flex-basis:50.00000%\"><figure class=\"tiled-gallery__item\"><img decoding=\"async\" alt=\"\" data-height=\"800\" data-id=\"2983\" data-link=\"https:\/\/magenta-wren-753181.hostingersite.com\/karel-noppe-image-gallery\/giant-shrimp-skewers-2\/\" data-url=\"https:\/\/karelnoppe.com\/wp-content\/uploads\/2022\/02\/Giant-Shrimp-skewers-1024x683.jpg\" data-width=\"1200\" src=\"https:\/\/i0.wp.com\/karelnoppe.es\/wp-content\/uploads\/2022\/02\/Giant-Shrimp-skewers-1024x683.jpg?ssl=1\" data-amp-layout=\"responsive\"><\/figure><\/div><div class=\"tiled-gallery__col\" style=\"flex-basis:50.00000%\"><figure class=\"tiled-gallery__item\"><img decoding=\"async\" alt=\"\" data-height=\"800\" data-id=\"2985\" data-link=\"https:\/\/magenta-wren-753181.hostingersite.com\/karel-noppe-image-gallery\/relaxed-face-shot-of-woman-meditating\/\" data-url=\"https:\/\/karelnoppe.com\/wp-content\/uploads\/2022\/02\/Relaxed-face-shot-of-woman-meditating-1024x683.jpg\" data-width=\"1200\" src=\"https:\/\/i0.wp.com\/karelnoppe.es\/wp-content\/uploads\/2022\/02\/Relaxed-face-shot-of-woman-meditating-1024x683.jpg?ssl=1\" data-amp-layout=\"responsive\"><\/figure><\/div><\/div><\/div><\/div>\n<\/div><\/div>\n<\/div><\/div>\n<\/div>\n<\/div>\n<p>Para obtener informaci\u00f3n y consejos sobre Stock, Photography no se pierda mis publicaciones sobre <a title=\"\"C\u00f3mo tener \u00e9xito con la fotograf\u00eda de archivo\"\" href=\"https:\/\/magenta-wren-753181.hostingersite.com\/es\/how-to-be-successful-with-stock-photography\/\"><strong>&#8220;C\u00f3mo tener \u00e9xito con la fotograf\u00eda de stock&#8221;<\/strong><\/a> y <a title=\"\"C\u00f3mo tomar una foto de \u00e9xito de ventas de $1000\".\" href=\"https:\/\/magenta-wren-753181.hostingersite.com\/es\/how-to-shoot-a-1000-best-seller-photo\/\"><strong>&#8220;C\u00f3mo tomar una foto de \u00e9xito de ventas de $ 1000&#8221;.<\/strong><\/a><\/p>\n<p>Cualquier otra informaci\u00f3n, sugerencias, ideas de publicaciones de invitados, solicitudes, etc., cont\u00e1cteme en <a href=\"mailto:karelnoppe@yahoo.es\">karelnoppe@yahoo.es<\/a> <\/p>\n<p>o ll\u00e1mame al <strong>+34 615 457 494<\/strong><\/p>\n<p><strong>Rambla Joaquim Ruyra 69 1B Blanes 17300, ESPA\u00d1A<\/strong><\/p><\/p>\n\n<p><\/p>\n","protected":false},"excerpt":{"rendered":"<p>Miles de fotograf\u00edas e ilustraciones contempor\u00e1neas creadas profesionalmente para uso comercial. Encu\u00e9ntralos en&nbsp; Shutterstock,&nbsp;Adobe stock&nbsp;Dreamstime,&nbsp;123 RF,&nbsp;Istock,&nbsp;Depositphoto,&nbsp;Canstock&nbsp; y&nbsp;Bigstock photo. Para obtener informaci\u00f3n y consejos sobre Stock, Photography no se pierda mis publicaciones sobre &#8220;C\u00f3mo tener \u00e9xito con la fotograf\u00eda de stock&#8221; y &#8220;C\u00f3mo tomar una foto de \u00e9xito de ventas de $ 1000&#8221;. Cualquier otra informaci\u00f3n, sugerencias, ideas de publicaciones de invitados, solicitudes, etc., cont\u00e1cteme en karelnoppe@yahoo.es o ll\u00e1mame al +34 615 457 494 Rambla [&hellip;]<\/p>\n","protected":false},"author":1,"featured_media":2562,"parent":0,"menu_order":0,"comment_status":"open","ping_status":"closed","template":"template-fullwidth.php","meta":{"nf_dc_page":"","_monsterinsights_skip_tracking":false,"_monsterinsights_sitenote_active":false,"_monsterinsights_sitenote_note":"","_monsterinsights_sitenote_category":0,"footnotes":""},"class_list":["post-2359","page","type-page","status-publish","has-post-thumbnail","hentry"],"aioseo_notices":[],"_links":{"self":[{"href":"https:\/\/karelnoppe.com\/es\/wp-json\/wp\/v2\/pages\/2359","targetHints":{"allow":["GET"]}}],"collection":[{"href":"https:\/\/karelnoppe.com\/es\/wp-json\/wp\/v2\/pages"}],"about":[{"href":"https:\/\/karelnoppe.com\/es\/wp-json\/wp\/v2\/types\/page"}],"author":[{"embeddable":true,"href":"https:\/\/karelnoppe.com\/es\/wp-json\/wp\/v2\/users\/1"}],"replies":[{"embeddable":true,"href":"https:\/\/karelnoppe.com\/es\/wp-json\/wp\/v2\/comments?post=2359"}],"version-history":[{"count":5,"href":"https:\/\/karelnoppe.com\/es\/wp-json\/wp\/v2\/pages\/2359\/revisions"}],"predecessor-version":[{"id":3104,"href":"https:\/\/karelnoppe.com\/es\/wp-json\/wp\/v2\/pages\/2359\/revisions\/3104"}],"wp:featuredmedia":[{"embeddable":true,"href":"https:\/\/karelnoppe.com\/es\/wp-json\/wp\/v2\/media\/2562"}],"wp:attachment":[{"href":"https:\/\/karelnoppe.com\/es\/wp-json\/wp\/v2\/media?parent=2359"}],"curies":[{"name":"wp","href":"https:\/\/api.w.org\/{rel}","templated":true}]}}